{"id":8029,"date":"2018-04-09T15:33:56","date_gmt":"2018-04-09T13:33:56","guid":{"rendered":"https:\/\/swi-tec.de\/?page_id=8029"},"modified":"2021-05-27T15:38:37","modified_gmt":"2021-05-27T13:38:37","slug":"imprint","status":"publish","type":"page","link":"https:\/\/swi-tec.de\/en\/imprint\/","title":{"rendered":"Imprint"},"content":{"rendered":"<p>\u00a0<\/p>\n<table border=\"0\" width=\"100%\" cellspacing=\"0\" cellpadding=\"0\">\n<tbody>\n<tr>\n<td valign=\"top\" width=\"50%\">\nSWI-TEC<br \/>\nNeveta N\u00e1utica<br \/>\nPoligono 9, Apt. 51<br \/>\nE-07680 Porto Cristo (Mallorca)<br \/>\n\u00a0<br \/>\nGesellschafter \/ Gr\u00fcnder:<br \/>\nMarco Bachmann<br \/>\n\u00a0<br \/>\nTel.: +34 971822426<br \/>WhatsApp: +34 744 649 362<br \/>\nFax: +34 971822017<br \/>\ninfo@swi-tec.com<br \/>\n\u00a0<br \/>\nHandelsregister:<br \/>Registro Mercantil Palma de Mallorca, Nr. PM 21.253<br \/>Umsatzsteuer-Identifikationsnummer<br \/>gem\u00e4\u00df \u00a7 27 a Umsatzsteuergesetz:<br \/>Spanien: ES B 07 651474<br \/>\n\u00a0<br \/>\nVerantwortlicher f\u00fcr den Inhalt nach \u00a755 Abs. 2RStv:<br \/>\nMarco Bachmann<br \/>\nPoligono 9, Apt. 51<br \/>\nE-07680 Porto Cristo (Mallorca)<br \/>\n\u00a0<br \/>\n\u00a0<br \/>\n\u00a0<br \/>\n<strong>Auslieferungslager \/ Vertriebspartner:<\/strong><br \/>\n\u00a0<br \/>\nSchulz-Hohenstein Soehne<br \/>Nachfolger Georg Seifert<br \/>Geibelstr. 9-11<br \/>D &#8211; 47057 Duisburg<br \/>\nSWI-TEC Tel.: +49 203 352046 \/ e-mail: info(at)swi-tec.de<br \/>\nShipshop Tel.: +49 203 352044 \/ e-mail: info(at)shipshop.de<\/p>\n<p>www.swi-tec.de \/ www.shipshop.de<\/p>\n<p>Gesch\u00e4ftsf\u00fchrer: Georg Seifert<\/p>\n<p>Eingetragen im Handelsregister Duisburg unter HRA 3643<br \/>Die Mehrwertsteuernummer (VAT-ID) lautet DE174625328<\/p>\n<p>shipshop ist ein eingetragenes Warenzeichen (Wortmarke und Wort-Bildmarke) der Firma Schulz-Hohenstein Soehne<\/p>\n<p>Alle anderen genannten Warenzeichen sind Eigentum der Inhaber.<\/p>\n<p>\u00a0<br \/>\n\u00a0<\/p>\n<p>Online-Streitbeilegung gem\u00e4\u00df Art. 14 Abs. 1 ODR-VO: Die Europ\u00e4ische Kommission stellt eine Plattform zur Online-Streitbeilegung (OS) bereit, die Sie unter\u00a0<a href=\"http:\/\/ec.europa.eu\/consumers\/odr\/\" target=\"_blank\" rel=\"noopener noreferrer\">http:\/\/ec.europa.eu\/consumers\/odr\/<\/a>\u00a0finden.<\/p>\n<\/td>\n<\/tr>\n<\/tbody>\n<\/table>\n<p><img loading=\"lazy\" decoding=\"async\" src=\"https:\/\/swi-tec.de\/img\/cms\/D1000004.JPG\" alt=\"\" width=\"88\" height=\"133\" \/><\/p>\n<div class=\"woocommerce woocommerce-gzd woocommerce-gzd-complaints-shortcode\">\n\t\t\t<h3>Alternative Dispute Resolution in accordance with Art. 14 (1) ODR-VO and \u00a7 36 VSBG:<\/h3>\n\t\nThe European Commission provides an online dispute resolution (ODR) platform, which you can find at https:\/\/ec.europa.eu\/consumers\/odr.<\/div>\n<p>Verpackungs Gesetz: Registrierungsnummer: Lucid DE3408865263353<\/p>\n<p>\u00a0<\/p>\n","protected":false},"excerpt":{"rendered":"<p>\u00a0 SWI-TEC Neveta N\u00e1utica Poligono 9, Apt. 51 E-07680 Porto Cristo (Mallorca) \u00a0 Gesellschafter \/ Gr\u00fcnder: Marco Bachmann \u00a0 Tel.: +34 971822426WhatsApp: +34 744 649 362 Fax: +34 971822017 info@swi-tec.com \u00a0 Handelsregister:Registro Mercantil Palma de Mallorca, Nr. PM 21.253Umsatzsteuer-Identifikationsnummergem\u00e4\u00df \u00a7 27 a Umsatzsteuergesetz:Spanien: ES B 07 651474 \u00a0 Verantwortlicher f\u00fcr den Inhalt nach \u00a755 Abs. [&#8230;]\n","protected":false},"author":781,"featured_media":0,"parent":0,"menu_order":1,"comment_status":"closed","ping_status":"closed","template":"","meta":{"_joinchat":[],"footnotes":""},"class_list":["post-8029","page","type-page","status-publish","hentry"],"yoast_head":"<!-- This site is optimized with the Yoast SEO plugin v27.4 - https:\/\/yoast.com\/product\/yoast-seo-wordpress\/ -->\n<title>Imprint - SWI-TEC DE<\/title>\n<meta name=\"robots\" content=\"index, follow, max-snippet:-1, max-image-preview:large, max-video-preview:-1\" \/>\n<link rel=\"canonical\" href=\"https:\/\/swi-tec.de\/en\/imprint\/\" \/>\n<meta property=\"og:locale\" content=\"en_US\" \/>\n<meta property=\"og:type\" content=\"article\" \/>\n<meta property=\"og:title\" content=\"Imprint - SWI-TEC DE\" \/>\n<meta property=\"og:description\" content=\"\u00a0 SWI-TEC Neveta N\u00e1utica Poligono 9, Apt. 51 E-07680 Porto Cristo (Mallorca) \u00a0 Gesellschafter \/ Gr\u00fcnder: Marco Bachmann \u00a0 Tel.: +34 971822426WhatsApp: +34 744 649 362 Fax: +34 971822017 info@swi-tec.com \u00a0 Handelsregister:Registro Mercantil Palma de Mallorca, Nr. PM 21.253Umsatzsteuer-Identifikationsnummergem\u00e4\u00df \u00a7 27 a Umsatzsteuergesetz:Spanien: ES B 07 651474 \u00a0 Verantwortlicher f\u00fcr den Inhalt nach \u00a755 Abs. [...]\" \/>\n<meta property=\"og:url\" content=\"https:\/\/swi-tec.de\/en\/imprint\/\" \/>\n<meta property=\"og:site_name\" content=\"SWI-TEC DE\" \/>\n<meta property=\"article:modified_time\" content=\"2021-05-27T13:38:37+00:00\" \/>\n<meta property=\"og:image\" content=\"https:\/\/swi-tec.de\/img\/cms\/D1000004.JPG\" \/>\n<meta name=\"twitter:card\" content=\"summary_large_image\" \/>\n<meta name=\"twitter:label1\" content=\"Est. reading time\" \/>\n\t<meta name=\"twitter:data1\" content=\"1 minute\" \/>\n<script type=\"application\/ld+json\" class=\"yoast-schema-graph\">{\"@context\":\"https:\\\/\\\/schema.org\",\"@graph\":[{\"@type\":\"WebPage\",\"@id\":\"https:\\\/\\\/swi-tec.de\\\/en\\\/imprint\\\/\",\"url\":\"https:\\\/\\\/swi-tec.de\\\/en\\\/imprint\\\/\",\"name\":\"Imprint - SWI-TEC DE\",\"isPartOf\":{\"@id\":\"https:\\\/\\\/swi-tec.de\\\/en\\\/#website\"},\"primaryImageOfPage\":{\"@id\":\"https:\\\/\\\/swi-tec.de\\\/en\\\/imprint\\\/#primaryimage\"},\"image\":{\"@id\":\"https:\\\/\\\/swi-tec.de\\\/en\\\/imprint\\\/#primaryimage\"},\"thumbnailUrl\":\"https:\\\/\\\/swi-tec.de\\\/img\\\/cms\\\/D1000004.JPG\",\"datePublished\":\"2018-04-09T13:33:56+00:00\",\"dateModified\":\"2021-05-27T13:38:37+00:00\",\"breadcrumb\":{\"@id\":\"https:\\\/\\\/swi-tec.de\\\/en\\\/imprint\\\/#breadcrumb\"},\"inLanguage\":\"en-US\",\"potentialAction\":[{\"@type\":\"ReadAction\",\"target\":[\"https:\\\/\\\/swi-tec.de\\\/en\\\/imprint\\\/\"]}]},{\"@type\":\"ImageObject\",\"inLanguage\":\"en-US\",\"@id\":\"https:\\\/\\\/swi-tec.de\\\/en\\\/imprint\\\/#primaryimage\",\"url\":\"https:\\\/\\\/swi-tec.de\\\/img\\\/cms\\\/D1000004.JPG\",\"contentUrl\":\"https:\\\/\\\/swi-tec.de\\\/img\\\/cms\\\/D1000004.JPG\"},{\"@type\":\"BreadcrumbList\",\"@id\":\"https:\\\/\\\/swi-tec.de\\\/en\\\/imprint\\\/#breadcrumb\",\"itemListElement\":[{\"@type\":\"ListItem\",\"position\":1,\"name\":\"Startseite\",\"item\":\"https:\\\/\\\/swi-tec.de\\\/en\\\/\"},{\"@type\":\"ListItem\",\"position\":2,\"name\":\"Imprint\"}]},{\"@type\":\"WebSite\",\"@id\":\"https:\\\/\\\/swi-tec.de\\\/en\\\/#website\",\"url\":\"https:\\\/\\\/swi-tec.de\\\/en\\\/\",\"name\":\"SWI-TEC DE\",\"description\":\"the smart yacht accessories - stress-free on board\",\"potentialAction\":[{\"@type\":\"SearchAction\",\"target\":{\"@type\":\"EntryPoint\",\"urlTemplate\":\"https:\\\/\\\/swi-tec.de\\\/en\\\/?s={search_term_string}\"},\"query-input\":{\"@type\":\"PropertyValueSpecification\",\"valueRequired\":true,\"valueName\":\"search_term_string\"}}],\"inLanguage\":\"en-US\"}]}<\/script>\n<!-- \/ Yoast SEO plugin. -->","yoast_head_json":{"title":"Imprint - SWI-TEC DE","robots":{"index":"index","follow":"follow","max-snippet":"max-snippet:-1","max-image-preview":"max-image-preview:large","max-video-preview":"max-video-preview:-1"},"canonical":"https:\/\/swi-tec.de\/en\/imprint\/","og_locale":"en_US","og_type":"article","og_title":"Imprint - SWI-TEC DE","og_description":"\u00a0 SWI-TEC Neveta N\u00e1utica Poligono 9, Apt. 51 E-07680 Porto Cristo (Mallorca) \u00a0 Gesellschafter \/ Gr\u00fcnder: Marco Bachmann \u00a0 Tel.: +34 971822426WhatsApp: +34 744 649 362 Fax: +34 971822017 info@swi-tec.com \u00a0 Handelsregister:Registro Mercantil Palma de Mallorca, Nr. PM 21.253Umsatzsteuer-Identifikationsnummergem\u00e4\u00df \u00a7 27 a Umsatzsteuergesetz:Spanien: ES B 07 651474 \u00a0 Verantwortlicher f\u00fcr den Inhalt nach \u00a755 Abs. [...]","og_url":"https:\/\/swi-tec.de\/en\/imprint\/","og_site_name":"SWI-TEC DE","article_modified_time":"2021-05-27T13:38:37+00:00","og_image":[{"url":"https:\/\/swi-tec.de\/img\/cms\/D1000004.JPG","type":"","width":"","height":""}],"twitter_card":"summary_large_image","twitter_misc":{"Est. reading time":"1 minute"},"schema":{"@context":"https:\/\/schema.org","@graph":[{"@type":"WebPage","@id":"https:\/\/swi-tec.de\/en\/imprint\/","url":"https:\/\/swi-tec.de\/en\/imprint\/","name":"Imprint - SWI-TEC DE","isPartOf":{"@id":"https:\/\/swi-tec.de\/en\/#website"},"primaryImageOfPage":{"@id":"https:\/\/swi-tec.de\/en\/imprint\/#primaryimage"},"image":{"@id":"https:\/\/swi-tec.de\/en\/imprint\/#primaryimage"},"thumbnailUrl":"https:\/\/swi-tec.de\/img\/cms\/D1000004.JPG","datePublished":"2018-04-09T13:33:56+00:00","dateModified":"2021-05-27T13:38:37+00:00","breadcrumb":{"@id":"https:\/\/swi-tec.de\/en\/imprint\/#breadcrumb"},"inLanguage":"en-US","potentialAction":[{"@type":"ReadAction","target":["https:\/\/swi-tec.de\/en\/imprint\/"]}]},{"@type":"ImageObject","inLanguage":"en-US","@id":"https:\/\/swi-tec.de\/en\/imprint\/#primaryimage","url":"https:\/\/swi-tec.de\/img\/cms\/D1000004.JPG","contentUrl":"https:\/\/swi-tec.de\/img\/cms\/D1000004.JPG"},{"@type":"BreadcrumbList","@id":"https:\/\/swi-tec.de\/en\/imprint\/#breadcrumb","itemListElement":[{"@type":"ListItem","position":1,"name":"Startseite","item":"https:\/\/swi-tec.de\/en\/"},{"@type":"ListItem","position":2,"name":"Imprint"}]},{"@type":"WebSite","@id":"https:\/\/swi-tec.de\/en\/#website","url":"https:\/\/swi-tec.de\/en\/","name":"SWI-TEC DE","description":"the smart yacht accessories - stress-free on board","potentialAction":[{"@type":"SearchAction","target":{"@type":"EntryPoint","urlTemplate":"https:\/\/swi-tec.de\/en\/?s={search_term_string}"},"query-input":{"@type":"PropertyValueSpecification","valueRequired":true,"valueName":"search_term_string"}}],"inLanguage":"en-US"}]}},"_links":{"self":[{"href":"https:\/\/swi-tec.de\/en\/wp-json\/wp\/v2\/pages\/8029","targetHints":{"allow":["GET"]}}],"collection":[{"href":"https:\/\/swi-tec.de\/en\/wp-json\/wp\/v2\/pages"}],"about":[{"href":"https:\/\/swi-tec.de\/en\/wp-json\/wp\/v2\/types\/page"}],"author":[{"embeddable":true,"href":"https:\/\/swi-tec.de\/en\/wp-json\/wp\/v2\/users\/781"}],"replies":[{"embeddable":true,"href":"https:\/\/swi-tec.de\/en\/wp-json\/wp\/v2\/comments?post=8029"}],"version-history":[{"count":24,"href":"https:\/\/swi-tec.de\/en\/wp-json\/wp\/v2\/pages\/8029\/revisions"}],"predecessor-version":[{"id":59010,"href":"https:\/\/swi-tec.de\/en\/wp-json\/wp\/v2\/pages\/8029\/revisions\/59010"}],"wp:attachment":[{"href":"https:\/\/swi-tec.de\/en\/wp-json\/wp\/v2\/media?parent=8029"}],"curies":[{"name":"wp","href":"https:\/\/api.w.org\/{rel}","templated":true}]}}