{"id":6056,"date":"2008-11-01T00:00:00","date_gmt":"2008-10-31T23:00:00","guid":{"rendered":"https:\/\/swi-tec.de\/deck-socket-for-gangway\/"},"modified":"2020-05-05T12:36:49","modified_gmt":"2020-05-05T10:36:49","slug":"deck-socket-for-gangway-swi-tec","status":"publish","type":"product","link":"https:\/\/swi-tec.de\/en\/product\/deck-socket-for-gangway-swi-tec\/","title":{"rendered":"Deck socket for Gangway"},"content":{"rendered":"<h2>Different deck sockets for gangway pins<\/h2>\n<p>Our stainless steel accessory sleeves (V4A) can be used for all gangways. It depends to the pin diameter.<\/p>\n<p>We have 4 different sizes in our collection:<\/p>\n<p>\u00d8 20 mm ( for our<a href=\"https:\/\/swi-tec.de\/en\/product\/gangway-new-mini-light-and-robust-swi-tec\/\"> gangway NEW-MINI<\/a>)<\/p>\n<p>\u00d8 22 mm and 25 mm ( for other models)<\/p>\n<p>\u00d8 30 mm ( for our <a href=\"https:\/\/swi-tec.de\/en\/product\/gangway-model-light-folding-2m-and25m-swi-tec\/\">gangway LIGHT<\/a> and <a href=\"https:\/\/swi-tec.de\/en\/product\/gangway-model-classic-folding-and-2x-folding-3m-swi-tec\/\">gangway CLASSIC<\/a>)<\/p>\n<p>Further mounting options for gangways can be found in our category <a href=\"https:\/\/swi-tec.de\/en\/produkt-kategorie\/gangways-en\/\/accessories-for-gangway\">&#8220;Accessories for gangways&#8221;<\/a>.<\/p>\n","protected":false},"excerpt":{"rendered":"<p>Different deck sockets for gangway pins Our stainless steel accessory sleeves (V4A) can be used for all gangways. It depends to the pin diameter. We have 4 different sizes in our collection: \u00d8 20 mm ( for our gangway NEW-MINI) \u00d8 22 mm and 25 mm ( for other models) \u00d8 30 mm ( for [&#8230;]\n","protected":false},"featured_media":54508,"comment_status":"open","ping_status":"closed","template":"","meta":{"_joinchat":[]},"product_brand":[],"product_cat":[187,27,207],"product_tag":[1452,4680,2372,2374,1453,2077,1613,4668,2108,1455,4667,2063,2078,1454,1451,2038,4691],"class_list":{"0":"post-6056","1":"product","2":"type-product","3":"status-publish","4":"has-post-thumbnail","6":"product_cat-accessories-for-gangway","7":"product_cat-gangways-en","8":"product_cat-deck-socket","9":"product_tag-boat-equipment","10":"product_tag-bracket-for-gangway","11":"product_tag-gangway-en","12":"product_tag-gangwayhalter-en","13":"product_tag-motorboats","14":"product_tag-ocean-sailing","15":"product_tag-protection","16":"product_tag-safe-on-board","17":"product_tag-safety-on-board","18":"product_tag-sailboat-en","19":"product_tag-sailboat","20":"product_tag-sailing-en","21":"product_tag-sailing-one-hand","22":"product_tag-sailing-yacht","23":"product_tag-ship-supplies","24":"product_tag-spare-part","25":"product_tag-spare-parts","26":"pa_durchmesser-22-mm-en","27":"pa_durchmesser-20-mm","28":"pa_durchmesser-25-mm","29":"pa_durchmesser-30-mm","31":"first","32":"instock","33":"taxable","34":"shipping-taxable","35":"purchasable","36":"product-type-variable"},"yoast_head":"<!-- This site is optimized with the Yoast SEO plugin v26.9 - https:\/\/yoast.com\/product\/yoast-seo-wordpress\/ -->\n<title>Deck socket for Gangway - SWI-TEC<\/title>\n<meta name=\"description\" content=\"Our gangway sleeves can be used for 3 different sizes (20\/25\/30 mm). Also for other models. Made of stainless steel (V4A)\" \/>\n<meta name=\"robots\" content=\"index, follow, max-snippet:-1, max-image-preview:large, max-video-preview:-1\" \/>\n<link rel=\"canonical\" href=\"https:\/\/swi-tec.de\/en\/product\/deck-socket-for-gangway-swi-tec\/\" \/>\n<meta property=\"og:locale\" content=\"en_US\" \/>\n<meta property=\"og:type\" content=\"article\" \/>\n<meta property=\"og:title\" content=\"Deck socket for Gangway - SWI-TEC\" \/>\n<meta property=\"og:description\" content=\"Our gangway sleeves can be used for 3 different sizes (20\/25\/30 mm). Also for other models. Made of stainless steel (V4A)\" \/>\n<meta property=\"og:url\" content=\"https:\/\/swi-tec.de\/en\/product\/deck-socket-for-gangway-swi-tec\/\" \/>\n<meta property=\"og:site_name\" content=\"SWI-TEC DE\" \/>\n<meta property=\"article:modified_time\" content=\"2020-05-05T10:36:49+00:00\" \/>\n<meta property=\"og:image\" content=\"https:\/\/swi-tec.de\/wp-content\/uploads\/H\u00fclse-freigestellt.jpg\" \/>\n\t<meta property=\"og:image:width\" content=\"599\" \/>\n\t<meta property=\"og:image:height\" content=\"900\" \/>\n\t<meta property=\"og:image:type\" content=\"image\/jpeg\" \/>\n<meta name=\"twitter:card\" content=\"summary_large_image\" \/>\n<script type=\"application\/ld+json\" class=\"yoast-schema-graph\">{\"@context\":\"https:\/\/schema.org\",\"@graph\":[{\"@type\":\"WebPage\",\"@id\":\"https:\/\/swi-tec.de\/en\/product\/deck-socket-for-gangway-swi-tec\/\",\"url\":\"https:\/\/swi-tec.de\/en\/product\/deck-socket-for-gangway-swi-tec\/\",\"name\":\"Deck socket for Gangway - SWI-TEC\",\"isPartOf\":{\"@id\":\"https:\/\/swi-tec.de\/en\/#website\"},\"primaryImageOfPage\":{\"@id\":\"https:\/\/swi-tec.de\/en\/product\/deck-socket-for-gangway-swi-tec\/#primaryimage\"},\"image\":{\"@id\":\"https:\/\/swi-tec.de\/en\/product\/deck-socket-for-gangway-swi-tec\/#primaryimage\"},\"thumbnailUrl\":\"https:\/\/swi-tec.de\/wp-content\/uploads\/H\u00fclse-freigestellt.jpg\",\"datePublished\":\"2008-10-31T23:00:00+00:00\",\"dateModified\":\"2020-05-05T10:36:49+00:00\",\"description\":\"Our gangway sleeves can be used for 3 different sizes (20\/25\/30 mm). Also for other models. Made of stainless steel (V4A)\",\"breadcrumb\":{\"@id\":\"https:\/\/swi-tec.de\/en\/product\/deck-socket-for-gangway-swi-tec\/#breadcrumb\"},\"inLanguage\":\"en-US\",\"potentialAction\":[{\"@type\":\"ReadAction\",\"target\":[\"https:\/\/swi-tec.de\/en\/product\/deck-socket-for-gangway-swi-tec\/\"]}]},{\"@type\":\"ImageObject\",\"inLanguage\":\"en-US\",\"@id\":\"https:\/\/swi-tec.de\/en\/product\/deck-socket-for-gangway-swi-tec\/#primaryimage\",\"url\":\"https:\/\/swi-tec.de\/wp-content\/uploads\/H\u00fclse-freigestellt.jpg\",\"contentUrl\":\"https:\/\/swi-tec.de\/wp-content\/uploads\/H\u00fclse-freigestellt.jpg\",\"width\":599,\"height\":900,\"caption\":\"Einbauh\u00fclse\"},{\"@type\":\"BreadcrumbList\",\"@id\":\"https:\/\/swi-tec.de\/en\/product\/deck-socket-for-gangway-swi-tec\/#breadcrumb\",\"itemListElement\":[{\"@type\":\"ListItem\",\"position\":1,\"name\":\"Startseite\",\"item\":\"https:\/\/swi-tec.de\/en\/\"},{\"@type\":\"ListItem\",\"position\":2,\"name\":\"Products\",\"item\":\"https:\/\/swi-tec.de\/en\/shop\/\"},{\"@type\":\"ListItem\",\"position\":3,\"name\":\"Deck socket for Gangway\"}]},{\"@type\":\"WebSite\",\"@id\":\"https:\/\/swi-tec.de\/en\/#website\",\"url\":\"https:\/\/swi-tec.de\/en\/\",\"name\":\"SWI-TEC DE\",\"description\":\"the smart yacht accessories - stress-free on board\",\"potentialAction\":[{\"@type\":\"SearchAction\",\"target\":{\"@type\":\"EntryPoint\",\"urlTemplate\":\"https:\/\/swi-tec.de\/en\/?s={search_term_string}\"},\"query-input\":{\"@type\":\"PropertyValueSpecification\",\"valueRequired\":true,\"valueName\":\"search_term_string\"}}],\"inLanguage\":\"en-US\"}]}<\/script>\n<!-- \/ Yoast SEO plugin. -->","yoast_head_json":{"title":"Deck socket for Gangway - SWI-TEC","description":"Our gangway sleeves can be used for 3 different sizes (20\/25\/30 mm). Also for other models. Made of stainless steel (V4A)","robots":{"index":"index","follow":"follow","max-snippet":"max-snippet:-1","max-image-preview":"max-image-preview:large","max-video-preview":"max-video-preview:-1"},"canonical":"https:\/\/swi-tec.de\/en\/product\/deck-socket-for-gangway-swi-tec\/","og_locale":"en_US","og_type":"article","og_title":"Deck socket for Gangway - SWI-TEC","og_description":"Our gangway sleeves can be used for 3 different sizes (20\/25\/30 mm). Also for other models. Made of stainless steel (V4A)","og_url":"https:\/\/swi-tec.de\/en\/product\/deck-socket-for-gangway-swi-tec\/","og_site_name":"SWI-TEC DE","article_modified_time":"2020-05-05T10:36:49+00:00","og_image":[{"width":599,"height":900,"url":"https:\/\/swi-tec.de\/wp-content\/uploads\/H\u00fclse-freigestellt.jpg","type":"image\/jpeg"}],"twitter_card":"summary_large_image","schema":{"@context":"https:\/\/schema.org","@graph":[{"@type":"WebPage","@id":"https:\/\/swi-tec.de\/en\/product\/deck-socket-for-gangway-swi-tec\/","url":"https:\/\/swi-tec.de\/en\/product\/deck-socket-for-gangway-swi-tec\/","name":"Deck socket for Gangway - SWI-TEC","isPartOf":{"@id":"https:\/\/swi-tec.de\/en\/#website"},"primaryImageOfPage":{"@id":"https:\/\/swi-tec.de\/en\/product\/deck-socket-for-gangway-swi-tec\/#primaryimage"},"image":{"@id":"https:\/\/swi-tec.de\/en\/product\/deck-socket-for-gangway-swi-tec\/#primaryimage"},"thumbnailUrl":"https:\/\/swi-tec.de\/wp-content\/uploads\/H\u00fclse-freigestellt.jpg","datePublished":"2008-10-31T23:00:00+00:00","dateModified":"2020-05-05T10:36:49+00:00","description":"Our gangway sleeves can be used for 3 different sizes (20\/25\/30 mm). Also for other models. Made of stainless steel (V4A)","breadcrumb":{"@id":"https:\/\/swi-tec.de\/en\/product\/deck-socket-for-gangway-swi-tec\/#breadcrumb"},"inLanguage":"en-US","potentialAction":[{"@type":"ReadAction","target":["https:\/\/swi-tec.de\/en\/product\/deck-socket-for-gangway-swi-tec\/"]}]},{"@type":"ImageObject","inLanguage":"en-US","@id":"https:\/\/swi-tec.de\/en\/product\/deck-socket-for-gangway-swi-tec\/#primaryimage","url":"https:\/\/swi-tec.de\/wp-content\/uploads\/H\u00fclse-freigestellt.jpg","contentUrl":"https:\/\/swi-tec.de\/wp-content\/uploads\/H\u00fclse-freigestellt.jpg","width":599,"height":900,"caption":"Einbauh\u00fclse"},{"@type":"BreadcrumbList","@id":"https:\/\/swi-tec.de\/en\/product\/deck-socket-for-gangway-swi-tec\/#breadcrumb","itemListElement":[{"@type":"ListItem","position":1,"name":"Startseite","item":"https:\/\/swi-tec.de\/en\/"},{"@type":"ListItem","position":2,"name":"Products","item":"https:\/\/swi-tec.de\/en\/shop\/"},{"@type":"ListItem","position":3,"name":"Deck socket for Gangway"}]},{"@type":"WebSite","@id":"https:\/\/swi-tec.de\/en\/#website","url":"https:\/\/swi-tec.de\/en\/","name":"SWI-TEC DE","description":"the smart yacht accessories - stress-free on board","potentialAction":[{"@type":"SearchAction","target":{"@type":"EntryPoint","urlTemplate":"https:\/\/swi-tec.de\/en\/?s={search_term_string}"},"query-input":{"@type":"PropertyValueSpecification","valueRequired":true,"valueName":"search_term_string"}}],"inLanguage":"en-US"}]}},"_links":{"self":[{"href":"https:\/\/swi-tec.de\/en\/wp-json\/wp\/v2\/product\/6056","targetHints":{"allow":["GET"]}}],"collection":[{"href":"https:\/\/swi-tec.de\/en\/wp-json\/wp\/v2\/product"}],"about":[{"href":"https:\/\/swi-tec.de\/en\/wp-json\/wp\/v2\/types\/product"}],"replies":[{"embeddable":true,"href":"https:\/\/swi-tec.de\/en\/wp-json\/wp\/v2\/comments?post=6056"}],"wp:featuredmedia":[{"embeddable":true,"href":"https:\/\/swi-tec.de\/en\/wp-json\/wp\/v2\/media\/54508"}],"wp:attachment":[{"href":"https:\/\/swi-tec.de\/en\/wp-json\/wp\/v2\/media?parent=6056"}],"wp:term":[{"taxonomy":"product_brand","embeddable":true,"href":"https:\/\/swi-tec.de\/en\/wp-json\/wp\/v2\/product_brand?post=6056"},{"taxonomy":"product_cat","embeddable":true,"href":"https:\/\/swi-tec.de\/en\/wp-json\/wp\/v2\/product_cat?post=6056"},{"taxonomy":"product_tag","embeddable":true,"href":"https:\/\/swi-tec.de\/en\/wp-json\/wp\/v2\/product_tag?post=6056"}],"curies":[{"name":"wp","href":"https:\/\/api.w.org\/{rel}","templated":true}]}}